{"id":2400,"date":"2026-02-01T15:17:44","date_gmt":"2026-02-01T14:17:44","guid":{"rendered":"https:\/\/www.bobanfilm.com\/?page_id=2400"},"modified":"2026-02-23T10:43:40","modified_gmt":"2026-02-23T09:43:40","slug":"hirek","status":"publish","type":"page","link":"https:\/\/www.bobanfilm.com\/en\/hirek\/","title":{"rendered":"News"},"content":{"rendered":"<div data-elementor-type=\"wp-page\" data-elementor-id=\"2400\" class=\"elementor elementor-2400\">\n\t\t\t\t<div class=\"elementor-element elementor-element-20d0371 e-flex e-con-boxed e-con e-parent\" data-id=\"20d0371\" data-element_type=\"container\" data-e-type=\"container\" data-settings=\"{&quot;background_background&quot;:&quot;classic&quot;}\">\n\t\t\t\t\t<div class=\"e-con-inner\">\n\t\t<div class=\"elementor-element elementor-element-8e85ab8 e-con-full e-flex e-con e-child\" data-id=\"8e85ab8\" data-element_type=\"container\" data-e-type=\"container\">\n\t\t\t\t<div class=\"elementor-element elementor-element-d5404ed elementor-widget-divider--view-line elementor-widget elementor-widget-divider\" data-id=\"d5404ed\" data-element_type=\"widget\" data-e-type=\"widget\" data-widget_type=\"divider.default\">\n\t\t\t\t\t\t\t<div class=\"elementor-divider\">\n\t\t\t<span class=\"elementor-divider-separator\">\n\t\t\t\t\t\t<\/span>\n\t\t<\/div>\n\t\t\t\t\t\t<\/div>\n\t\t\t\t<div class=\"elementor-element elementor-element-06274b8 elementor-widget elementor-widget-heading\" data-id=\"06274b8\" data-element_type=\"widget\" data-e-type=\"widget\" data-widget_type=\"heading.default\">\n\t\t\t\t\t<h1 class=\"elementor-heading-title elementor-size-default\">News<\/h1>\t\t\t\t<\/div>\n\t\t\t\t<\/div>\n\t\t\t\t\t<\/div>\n\t\t\t\t<\/div>\n\t\t<div class=\"elementor-element elementor-element-25ef63b e-flex e-con-boxed e-con e-parent\" data-id=\"25ef63b\" data-element_type=\"container\" data-e-type=\"container\" data-settings=\"{&quot;background_background&quot;:&quot;classic&quot;}\">\n\t\t\t\t\t<div class=\"e-con-inner\">\n\t\t\t\t<div class=\"elementor-element elementor-element-d911c8a elementor-widget elementor-widget-spacer\" data-id=\"d911c8a\" data-element_type=\"widget\" data-e-type=\"widget\" data-widget_type=\"spacer.default\">\n\t\t\t\t\t\t\t<div class=\"elementor-spacer\">\n\t\t\t<div class=\"elementor-spacer-inner\"><\/div>\n\t\t<\/div>\n\t\t\t\t\t\t<\/div>\n\t\t\t\t\t<\/div>\n\t\t\t\t<\/div>\n\t\t<div class=\"elementor-element elementor-element-c146dce e-flex e-con-boxed e-con e-parent\" data-id=\"c146dce\" data-element_type=\"container\" data-e-type=\"container\" data-settings=\"{&quot;background_background&quot;:&quot;classic&quot;}\">\n\t\t\t\t\t<div class=\"e-con-inner\">\n\t\t\t\t<div class=\"elementor-element elementor-element-2b66946 elementor-widget elementor-widget-heading\" data-id=\"2b66946\" data-element_type=\"widget\" data-e-type=\"widget\" data-widget_type=\"heading.default\">\n\t\t\t\t\t<h2 class=\"elementor-heading-title elementor-size-default\">A selection of our media appearances<\/h2>\t\t\t\t<\/div>\n\t\t\t\t\t<\/div>\n\t\t\t\t<\/div>\n\t\t<div class=\"elementor-element elementor-element-b766de8 e-flex e-con-boxed e-con e-parent\" data-id=\"b766de8\" data-element_type=\"container\" data-e-type=\"container\" data-settings=\"{&quot;background_background&quot;:&quot;classic&quot;}\">\n\t\t\t\t\t<div class=\"e-con-inner\">\n\t\t\t\t<div class=\"elementor-element elementor-element-006f34e elementor-widget elementor-widget-spacer\" data-id=\"006f34e\" data-element_type=\"widget\" data-e-type=\"widget\" data-widget_type=\"spacer.default\">\n\t\t\t\t\t\t\t<div class=\"elementor-spacer\">\n\t\t\t<div class=\"elementor-spacer-inner\"><\/div>\n\t\t<\/div>\n\t\t\t\t\t\t<\/div>\n\t\t\t\t\t<\/div>\n\t\t\t\t<\/div>\n\t\t<div class=\"elementor-element elementor-element-ca57b21 e-flex e-con-boxed e-con e-parent\" data-id=\"ca57b21\" data-element_type=\"container\" data-e-type=\"container\">\n\t\t\t\t\t<div class=\"e-con-inner\">\n\t\t<div class=\"elementor-element elementor-element-c523549 e-con-full e-flex e-con e-child\" data-id=\"c523549\" data-element_type=\"container\" data-e-type=\"container\">\n\t\t\t\t<div class=\"elementor-element elementor-element-336331b elementor-widget elementor-widget-image\" data-id=\"336331b\" data-element_type=\"widget\" data-e-type=\"widget\" data-widget_type=\"image.default\">\n\t\t\t\t\t\t\t\t\t\t\t\t\t\t\t<img fetchpriority=\"high\" decoding=\"async\" width=\"720\" height=\"422\" src=\"https:\/\/www.bobanfilm.com\/wp-content\/uploads\/2026\/02\/large_filmek2026harom.jpg\" class=\"attachment-large size-large wp-image-2416\" alt=\"large filmek2026harom\" srcset=\"https:\/\/www.bobanfilm.com\/wp-content\/uploads\/2026\/02\/large_filmek2026harom.jpg 720w, https:\/\/www.bobanfilm.com\/wp-content\/uploads\/2026\/02\/large_filmek2026harom-300x176.jpg 300w\" sizes=\"(max-width: 720px) 100vw, 720px\" title=\"News\">\t\t\t\t\t\t\t\t\t\t\t\t\t\t\t<\/div>\n\t\t\t\t<\/div>\n\t\t<div class=\"elementor-element elementor-element-f44d63b e-con-full e-flex e-con e-child\" data-id=\"f44d63b\" data-element_type=\"container\" data-e-type=\"container\">\n\t\t<div class=\"elementor-element elementor-element-6ddf86b e-grid e-con-full e-con e-child\" data-id=\"6ddf86b\" data-element_type=\"container\" data-e-type=\"container\">\n\t\t\t\t<div class=\"elementor-element elementor-element-d154b8b elementor-widget elementor-widget-heading\" data-id=\"d154b8b\" data-element_type=\"widget\" data-e-type=\"widget\" data-widget_type=\"heading.default\">\n\t\t\t\t\t<h5 class=\"elementor-heading-title elementor-size-default\">Ezek a magyar filmek v\u00e1rnak r\u00e1nk 2026-ban \u2013 3.r\u00e9sz<br>\nAz idei \u00e9v magyar premierjei<\/h5>\t\t\t\t<\/div>\n\t\t\t\t<div class=\"elementor-element elementor-element-d0356cf elementor-widget elementor-widget-text-editor\" data-id=\"d0356cf\" data-element_type=\"widget\" data-e-type=\"widget\" data-widget_type=\"text-editor.default\">\n\t\t\t\t\t\t\t\t\t<p>Budapest k\u00fclf\u00f6ldi rendez\u0151k szem\u00e9vel, szem\u00e9lyes hangv\u00e9tel\u0171 dokumentumfilmek, k\u00f3rh\u00e1zi dr\u00e1ma \u00e9s nagyszab\u00e1s\u00fa koszt\u00fcm\u00f6s film is \u00e9rkezik az id\u00e9n&#8230;.<br \/>Forr\u00e1s: https:\/\/magyar.film.hu\/filmhu\/magazin<\/p>\t\t\t\t\t\t\t\t<\/div>\n\t\t\t\t<div class=\"elementor-element elementor-element-fef16ac elementor-widget elementor-widget-button\" data-id=\"fef16ac\" data-element_type=\"widget\" data-e-type=\"widget\" data-widget_type=\"button.default\">\n\t\t\t\t\t\t\t\t\t\t<a class=\"elementor-button elementor-button-link elementor-size-sm\" href=\"https:\/\/magyar.film.hu\/filmhu\/magazin\/ezek-a-magyar-filmek-varnak-rank-2026-ban-3resz.html\">\n\t\t\t\t\t\t<span class=\"elementor-button-content-wrapper\">\n\t\t\t\t\t\t\t\t\t<span class=\"elementor-button-text\">Read the full article<\/span>\n\t\t\t\t\t<\/span>\n\t\t\t\t\t<\/a>\n\t\t\t\t\t\t\t\t<\/div>\n\t\t\t\t<\/div>\n\t\t\t\t<\/div>\n\t\t\t\t\t<\/div>\n\t\t\t\t<\/div>\n\t\t<div class=\"elementor-element elementor-element-e9d4b89 e-flex e-con-boxed e-con e-parent\" data-id=\"e9d4b89\" data-element_type=\"container\" data-e-type=\"container\">\n\t\t\t\t\t<div class=\"e-con-inner\">\n\t\t<div class=\"elementor-element elementor-element-0898cf6 e-con-full e-flex e-con e-child\" data-id=\"0898cf6\" data-element_type=\"container\" data-e-type=\"container\">\n\t\t\t\t<div class=\"elementor-element elementor-element-d138642 elementor-widget elementor-widget-image\" data-id=\"d138642\" data-element_type=\"widget\" data-e-type=\"widget\" data-widget_type=\"image.default\">\n\t\t\t\t\t\t\t\t\t\t\t\t\t\t\t<img decoding=\"async\" width=\"896\" height=\"504\" src=\"https:\/\/www.bobanfilm.com\/wp-content\/uploads\/2026\/02\/fe_896_504_boban_markovic_mti_foto.jpg\" class=\"attachment-large size-large wp-image-2415\" alt=\"fe 896 504 boban markovic mti foto\" srcset=\"https:\/\/www.bobanfilm.com\/wp-content\/uploads\/2026\/02\/fe_896_504_boban_markovic_mti_foto.jpg 896w, https:\/\/www.bobanfilm.com\/wp-content\/uploads\/2026\/02\/fe_896_504_boban_markovic_mti_foto-300x169.jpg 300w, https:\/\/www.bobanfilm.com\/wp-content\/uploads\/2026\/02\/fe_896_504_boban_markovic_mti_foto-768x432.jpg 768w\" sizes=\"(max-width: 896px) 100vw, 896px\" title=\"News\">\t\t\t\t\t\t\t\t\t\t\t\t\t\t\t<\/div>\n\t\t\t\t<\/div>\n\t\t<div class=\"elementor-element elementor-element-93c63ac e-con-full e-flex e-con e-child\" data-id=\"93c63ac\" data-element_type=\"container\" data-e-type=\"container\">\n\t\t<div class=\"elementor-element elementor-element-a792f01 e-grid e-con-full e-con e-child\" data-id=\"a792f01\" data-element_type=\"container\" data-e-type=\"container\">\n\t\t\t\t<div class=\"elementor-element elementor-element-9eee203 elementor-widget elementor-widget-heading\" data-id=\"9eee203\" data-element_type=\"widget\" data-e-type=\"widget\" data-widget_type=\"heading.default\">\n\t\t\t\t\t<h5 class=\"elementor-heading-title elementor-size-default\">Dokumentumfilmek gy\u00e1rt\u00e1s\u00e1t t\u00e1mogatja <br>a Nemzeti Filmint\u00e9zet<\/h5>\t\t\t\t<\/div>\n\t\t\t\t<div class=\"elementor-element elementor-element-2c7a50c elementor-widget elementor-widget-text-editor\" data-id=\"2c7a50c\" data-element_type=\"widget\" data-e-type=\"widget\" data-widget_type=\"text-editor.default\">\n\t\t\t\t\t\t\t\t\t<p>A szt\u00e1lini-r\u00e1kosi iskola brut\u00e1lis rendszer\u00e9r\u0151l, 500 \u00e9vvel a moh\u00e1csi trag\u00e9dia ut\u00e1n felt\u00e1rt t\u00f6megs\u00edrok antropol\u00f3giai vizsg\u00e1lat\u00e1r\u00f3l, a felvid\u00e9ki magyars\u00e1g anyaorsz\u00e1ghoz val\u00f3 visszat\u00e9r\u00e9s\u00e9nek meghi\u00fasul\u00e1s\u00e1r\u00f3l \u00e9s Boban Markovi\u0107 sikerhez vezet\u0151 \u00fatj\u00e1r\u00f3l k\u00e9sz\u00fcl dokumentumfilm, tov\u00e1bb\u00e1 B\u00e1r\u00e1ny D\u00e1niel groteszk anim\u00e1ci\u00f3ja az NFI gy\u00e1rt\u00e1si t\u00e1mogat\u00e1s\u00e1val.<br \/>Forr\u00e1s: https:\/\/nfi.hu<\/p>\t\t\t\t\t\t\t\t<\/div>\n\t\t\t\t<div class=\"elementor-element elementor-element-a7a32ac elementor-widget elementor-widget-button\" data-id=\"a7a32ac\" data-element_type=\"widget\" data-e-type=\"widget\" data-widget_type=\"button.default\">\n\t\t\t\t\t\t\t\t\t\t<a class=\"elementor-button elementor-button-link elementor-size-sm\" href=\"https:\/\/nfi.hu\/a-filmintezetrol\/hirek\/dokumentumfilmek-gyartasat-tamogatja-a-nemzeti-filmintezet.html\">\n\t\t\t\t\t\t<span class=\"elementor-button-content-wrapper\">\n\t\t\t\t\t\t\t\t\t<span class=\"elementor-button-text\">Read the full article<\/span>\n\t\t\t\t\t<\/span>\n\t\t\t\t\t<\/a>\n\t\t\t\t\t\t\t\t<\/div>\n\t\t\t\t<\/div>\n\t\t\t\t<\/div>\n\t\t\t\t\t<\/div>\n\t\t\t\t<\/div>\n\t\t<div class=\"elementor-element elementor-element-300fc3f e-flex e-con-boxed e-con e-parent\" data-id=\"300fc3f\" data-element_type=\"container\" data-e-type=\"container\">\n\t\t\t\t\t<div class=\"e-con-inner\">\n\t\t<div class=\"elementor-element elementor-element-792a871 e-con-full e-flex e-con e-child\" data-id=\"792a871\" data-element_type=\"container\" data-e-type=\"container\">\n\t\t\t\t<div class=\"elementor-element elementor-element-4db71e7 elementor-widget elementor-widget-image\" data-id=\"4db71e7\" data-element_type=\"widget\" data-e-type=\"widget\" data-widget_type=\"image.default\">\n\t\t\t\t\t\t\t\t\t\t\t\t\t\t\t<img decoding=\"async\" width=\"374\" height=\"249\" src=\"https:\/\/www.bobanfilm.com\/wp-content\/uploads\/2026\/02\/MV5BMTM5NTY2MjEtYTE1ZC00MTExLWFjZGMtN2MyMjM1YTA1OTZmXkEyXkFqcGc@._V1_QL75_UX374_.jpg\" class=\"attachment-large size-large wp-image-2463\" alt=\"mv5bmtm5nty2mjetyte1zc00mtexlwfjzgmtn2mymjm1yta1otzmxkeyxkfqcgc@. v1 ql75 ux374\" srcset=\"https:\/\/www.bobanfilm.com\/wp-content\/uploads\/2026\/02\/MV5BMTM5NTY2MjEtYTE1ZC00MTExLWFjZGMtN2MyMjM1YTA1OTZmXkEyXkFqcGc@._V1_QL75_UX374_.jpg 374w, https:\/\/www.bobanfilm.com\/wp-content\/uploads\/2026\/02\/MV5BMTM5NTY2MjEtYTE1ZC00MTExLWFjZGMtN2MyMjM1YTA1OTZmXkEyXkFqcGc@._V1_QL75_UX374_-300x200.jpg 300w, https:\/\/www.bobanfilm.com\/wp-content\/uploads\/2026\/02\/MV5BMTM5NTY2MjEtYTE1ZC00MTExLWFjZGMtN2MyMjM1YTA1OTZmXkEyXkFqcGc@._V1_QL75_UX374_-18x12.jpg 18w\" sizes=\"(max-width: 374px) 100vw, 374px\" title=\"News\">\t\t\t\t\t\t\t\t\t\t\t\t\t\t\t<\/div>\n\t\t\t\t<\/div>\n\t\t<div class=\"elementor-element elementor-element-4398375 e-con-full e-flex e-con e-child\" data-id=\"4398375\" data-element_type=\"container\" data-e-type=\"container\">\n\t\t<div class=\"elementor-element elementor-element-4510682 e-grid e-con-full e-con e-child\" data-id=\"4510682\" data-element_type=\"container\" data-e-type=\"container\">\n\t\t\t\t<div class=\"elementor-element elementor-element-dd43b84 elementor-widget elementor-widget-heading\" data-id=\"dd43b84\" data-element_type=\"widget\" data-e-type=\"widget\" data-widget_type=\"heading.default\">\n\t\t\t\t\t<h5 class=\"elementor-heading-title elementor-size-default\">Boban Markovic: Magyarorsz\u00e1g a m\u00e1sodik haz\u00e1m<\/h5>\t\t\t\t<\/div>\n\t\t\t\t<div class=\"elementor-element elementor-element-6c63491 elementor-widget elementor-widget-text-editor\" data-id=\"6c63491\" data-element_type=\"widget\" data-e-type=\"widget\" data-widget_type=\"text-editor.default\">\n\t\t\t\t\t\t\t\t\t<p>Serbian trumpet legend Boban Markovic explores his deep bond with Hungary. Through intimate stories and live performances, this film reveals how his vibrant Balkan brass music crosses borders to create a true second home.<br \/>Forr\u00e1s: <a href=\"https:\/\/www.imdb.com\/title\/tt40000648\/?ref_=ext_shr_lnk\">https:\/\/www.imdb.com\/title\/tt40000648\/?ref_=ext_shr_lnk<\/a><\/p>\t\t\t\t\t\t\t\t<\/div>\n\t\t\t\t<div class=\"elementor-element elementor-element-b3e120d elementor-widget elementor-widget-button\" data-id=\"b3e120d\" data-element_type=\"widget\" data-e-type=\"widget\" data-widget_type=\"button.default\">\n\t\t\t\t\t\t\t\t\t\t<a class=\"elementor-button elementor-button-link elementor-size-sm\" href=\"https:\/\/nfi.hu\/a-filmintezetrol\/hirek\/dokumentumfilmek-gyartasat-tamogatja-a-nemzeti-filmintezet.html\">\n\t\t\t\t\t\t<span class=\"elementor-button-content-wrapper\">\n\t\t\t\t\t\t\t\t\t<span class=\"elementor-button-text\">Read the full article<\/span>\n\t\t\t\t\t<\/span>\n\t\t\t\t\t<\/a>\n\t\t\t\t\t\t\t\t<\/div>\n\t\t\t\t<\/div>\n\t\t\t\t<\/div>\n\t\t\t\t\t<\/div>\n\t\t\t\t<\/div>\n\t\t\t\t<\/div>","protected":false},"excerpt":{"rendered":"<p>H\u00edrek V\u00e1logat\u00e1s m\u00e9diamegjelen\u00e9seinkb\u0151l Ezek a magyar filmek v\u00e1rnak r\u00e1nk 2026-ban \u2013 3.r\u00e9sz Az idei \u00e9v magyar premierjei Budapest k\u00fclf\u00f6ldi rendez\u0151k szem\u00e9vel, szem\u00e9lyes hangv\u00e9tel\u0171 dokumentumfilmek, k\u00f3rh\u00e1zi dr\u00e1ma \u00e9s nagyszab\u00e1s\u00fa koszt\u00fcm\u00f6s film is \u00e9rkezik az id\u00e9n&#8230;.Forr\u00e1s: https:\/\/magyar.film.hu\/filmhu\/magazin Teljes cikk megnyit\u00e1sa Dokumentumfilmek gy\u00e1rt\u00e1s\u00e1t t\u00e1mogatja a Nemzeti Filmint\u00e9zet A szt\u00e1lini-r\u00e1kosi iskola brut\u00e1lis rendszer\u00e9r\u0151l, 500 \u00e9vvel a moh\u00e1csi trag\u00e9dia ut\u00e1n [&hellip;]<\/p>\n","protected":false},"author":1,"featured_media":0,"parent":0,"menu_order":0,"comment_status":"closed","ping_status":"closed","template":"","meta":{"site-sidebar-layout":"no-sidebar","site-content-layout":"page-builder","ast-site-content-layout":"full-width-container","site-content-style":"default","site-sidebar-style":"default","ast-global-header-display":"","ast-banner-title-visibility":"","ast-main-header-display":"","ast-hfb-above-header-display":"","ast-hfb-below-header-display":"","ast-hfb-mobile-header-display":"","site-post-title":"","ast-breadcrumbs-content":"","ast-featured-img":"disabled","footer-sml-layout":"","ast-disable-related-posts":"","theme-transparent-header-meta":"","adv-header-id-meta":"","stick-header-meta":"","header-above-stick-meta":"","header-main-stick-meta":"","header-below-stick-meta":"","astra-migrate-meta-layouts":"set","ast-page-background-enabled":"default","ast-page-background-meta":{"desktop":{"background-color":"","background-image":"","background-repeat":"repeat","background-position":"center center","background-size":"auto","background-attachment":"scroll","background-type":"","background-media":"","overlay-type":"","overlay-color":"","overlay-opacity":"","overlay-gradient":""},"tablet":{"background-color":"","background-image":"","background-repeat":"repeat","background-position":"center center","background-size":"auto","background-attachment":"scroll","background-type":"","background-media":"","overlay-type":"","overlay-color":"","overlay-opacity":"","overlay-gradient":""},"mobile":{"background-color":"","background-image":"","background-repeat":"repeat","background-position":"center center","background-size":"auto","background-attachment":"scroll","background-type":"","background-media":"","overlay-type":"","overlay-color":"","overlay-opacity":"","overlay-gradient":""}},"ast-content-background-meta":{"desktop":{"background-color":"var(--ast-global-color-5)","background-image":"","background-repeat":"repeat","background-position":"center center","background-size":"auto","background-attachment":"scroll","background-type":"","background-media":"","overlay-type":"","overlay-color":"","overlay-opacity":"","overlay-gradient":""},"tablet":{"background-color":"var(--ast-global-color-5)","background-image":"","background-repeat":"repeat","background-position":"center center","background-size":"auto","background-attachment":"scroll","background-type":"","background-media":"","overlay-type":"","overlay-color":"","overlay-opacity":"","overlay-gradient":""},"mobile":{"background-color":"var(--ast-global-color-5)","background-image":"","background-repeat":"repeat","background-position":"center center","background-size":"auto","background-attachment":"scroll","background-type":"","background-media":"","overlay-type":"","overlay-color":"","overlay-opacity":"","overlay-gradient":""}},"footnotes":""},"class_list":["post-2400","page","type-page","status-publish","hentry"],"_links":{"self":[{"href":"https:\/\/www.bobanfilm.com\/en\/wp-json\/wp\/v2\/pages\/2400","targetHints":{"allow":["GET"]}}],"collection":[{"href":"https:\/\/www.bobanfilm.com\/en\/wp-json\/wp\/v2\/pages"}],"about":[{"href":"https:\/\/www.bobanfilm.com\/en\/wp-json\/wp\/v2\/types\/page"}],"author":[{"embeddable":true,"href":"https:\/\/www.bobanfilm.com\/en\/wp-json\/wp\/v2\/users\/1"}],"replies":[{"embeddable":true,"href":"https:\/\/www.bobanfilm.com\/en\/wp-json\/wp\/v2\/comments?post=2400"}],"version-history":[{"count":29,"href":"https:\/\/www.bobanfilm.com\/en\/wp-json\/wp\/v2\/pages\/2400\/revisions"}],"predecessor-version":[{"id":2505,"href":"https:\/\/www.bobanfilm.com\/en\/wp-json\/wp\/v2\/pages\/2400\/revisions\/2505"}],"wp:attachment":[{"href":"https:\/\/www.bobanfilm.com\/en\/wp-json\/wp\/v2\/media?parent=2400"}],"curies":[{"name":"wp","href":"https:\/\/api.w.org\/{rel}","templated":true}]}}