{"id":491,"date":"2025-11-28T14:40:44","date_gmt":"2025-11-28T13:40:44","guid":{"rendered":"https:\/\/www.bobanfilm.com\/biography\/"},"modified":"2026-02-01T15:03:03","modified_gmt":"2026-02-01T14:03:03","slug":"boban-markovic","status":"publish","type":"page","link":"https:\/\/www.bobanfilm.com\/en\/boban-markovic\/","title":{"rendered":"Boban Markovi\u0107"},"content":{"rendered":"<div data-elementor-type=\"wp-page\" data-elementor-id=\"491\" class=\"elementor elementor-491\">\n\t\t\t\t<div class=\"elementor-element elementor-element-ef5d51f e-flex e-con-boxed e-con e-parent\" data-id=\"ef5d51f\" data-element_type=\"container\" data-e-type=\"container\" data-settings=\"{&quot;background_background&quot;:&quot;classic&quot;}\">\n\t\t\t\t\t<div class=\"e-con-inner\">\n\t\t<div class=\"elementor-element elementor-element-44c577d e-con-full e-flex e-con e-child\" data-id=\"44c577d\" data-element_type=\"container\" data-e-type=\"container\">\n\t\t\t\t<div class=\"elementor-element elementor-element-34698d3 elementor-widget-divider--view-line elementor-widget elementor-widget-divider\" data-id=\"34698d3\" data-element_type=\"widget\" data-e-type=\"widget\" data-widget_type=\"divider.default\">\n\t\t\t\t\t\t\t<div class=\"elementor-divider\">\n\t\t\t<span class=\"elementor-divider-separator\">\n\t\t\t\t\t\t<\/span>\n\t\t<\/div>\n\t\t\t\t\t\t<\/div>\n\t\t\t\t<div class=\"elementor-element elementor-element-8a1085f elementor-widget elementor-widget-heading\" data-id=\"8a1085f\" data-element_type=\"widget\" data-e-type=\"widget\" data-widget_type=\"heading.default\">\n\t\t\t\t\t<h1 class=\"elementor-heading-title elementor-size-default\">BOBAN MARKOVI\u0106 <\/h1>\t\t\t\t<\/div>\n\t\t\t\t<div class=\"elementor-element elementor-element-1079f59 elementor-widget elementor-widget-text-editor\" data-id=\"1079f59\" data-element_type=\"widget\" data-e-type=\"widget\" data-widget_type=\"text-editor.default\">\n\t\t\t\t\t\t\t\t\t<p><strong>The Story of Music, Friendship, and a Second Home<\/strong><\/p>\t\t\t\t\t\t\t\t<\/div>\n\t\t\t\t<div class=\"elementor-element elementor-element-5bd64bc elementor-widget elementor-widget-image\" data-id=\"5bd64bc\" data-element_type=\"widget\" data-e-type=\"widget\" data-widget_type=\"image.default\">\n\t\t\t\t\t\t\t\t\t\t\t\t\t\t\t<img fetchpriority=\"high\" decoding=\"async\" width=\"1600\" height=\"1200\" src=\"https:\/\/www.bobanfilm.com\/wp-content\/uploads\/2025\/12\/boban.jpg\" class=\"attachment-full size-full wp-image-1147\" alt=\"boban\" srcset=\"https:\/\/www.bobanfilm.com\/wp-content\/uploads\/2025\/12\/boban.jpg 1600w, https:\/\/www.bobanfilm.com\/wp-content\/uploads\/2025\/12\/boban-300x225.jpg 300w, https:\/\/www.bobanfilm.com\/wp-content\/uploads\/2025\/12\/boban-1024x768.jpg 1024w, https:\/\/www.bobanfilm.com\/wp-content\/uploads\/2025\/12\/boban-768x576.jpg 768w, https:\/\/www.bobanfilm.com\/wp-content\/uploads\/2025\/12\/boban-1536x1152.jpg 1536w\" sizes=\"(max-width: 1600px) 100vw, 1600px\" title=\"Boban Markovi\u0107\">\t\t\t\t\t\t\t\t\t\t\t\t\t\t\t<\/div>\n\t\t\t\t<div class=\"elementor-element elementor-element-d538060 elementor-widget elementor-widget-heading\" data-id=\"d538060\" data-element_type=\"widget\" data-e-type=\"widget\" data-widget_type=\"heading.default\">\n\t\t\t\t\t<h3 class=\"elementor-heading-title elementor-size-default\">Where it all began<\/h3>\t\t\t\t<\/div>\n\t\t\t\t<div class=\"elementor-element elementor-element-ddc916a elementor-widget elementor-widget-heading\" data-id=\"ddc916a\" data-element_type=\"widget\" data-e-type=\"widget\" data-widget_type=\"heading.default\">\n\t\t\t\t\t<div class=\"elementor-heading-title elementor-size-default\">Boban Markovi\u0107 was born in 1964 in Vladi\u010din Han, southern Serbia, into a family where the trumpet was not just an instrument \u2014 but a way of life. His grandfather and father were both brass musicians, so Boban grew up immersed in a musical world that would later make him a legend.\nAt the age of seven, he first picked up the trumpet\u2026 and never put it down.<\/div>\t\t\t\t<\/div>\n\t\t\t\t<div class=\"elementor-element elementor-element-69b472c elementor-widget elementor-widget-text-editor\" data-id=\"69b472c\" data-element_type=\"widget\" data-e-type=\"widget\" data-widget_type=\"text-editor.default\">\n\t\t\t\t\t\t\t\t\t<p data-start=\"822\" data-end=\"1018\">At a young age, he founded his own band, the <strong data-start=\"864\" data-end=\"891\">Boban Markovi\u0107 Orkestar<\/strong>which has since become one of the world\u2019s best-known Balkan brass ensembles.<br data-start=\"961\" data-end=\"964\" \/>He went on to win the highest awards of the Gu\u010da Festival one after another:<\/p><ul data-start=\"1019\" data-end=\"1100\"><li data-start=\"1019\" data-end=\"1039\"><p data-start=\"1021\" data-end=\"1039\">\u201cFirst Trumpet\u201d<\/p><\/li><li data-start=\"1040\" data-end=\"1060\"><p data-start=\"1042\" data-end=\"1060\">\u201cGolden Trumpet\u201d<\/p><\/li><li data-start=\"1061\" data-end=\"1100\"><p data-start=\"1063\" data-end=\"1100\">and the titles of the festival\u2019s \u201cAmbassador.\u201d<\/p><\/li><\/ul><p data-start=\"1102\" data-end=\"1241\">Boban\u2019s music is both rooted in tradition and modern, filled with emotion, energy, and stories \u2014 music that <em data-start=\"1221\" data-end=\"1240\">no translation needed<\/em>.<\/p><p data-start=\"1102\" data-end=\"1241\">Boban and his orchestra have toured Europe, Asia, and America, and have contributed to numerous film music projects.<br data-start=\"1414\" data-end=\"1417\" \/>Their music has become one of the strongest international symbols of the Balkan brass sound, now regarded as having cult status by world music audiences.<\/p>\t\t\t\t\t\t\t\t<\/div>\n\t\t\t\t<div class=\"elementor-element elementor-element-bca41a1 elementor-widget-divider--view-line elementor-widget elementor-widget-divider\" data-id=\"bca41a1\" data-element_type=\"widget\" data-e-type=\"widget\" data-widget_type=\"divider.default\">\n\t\t\t\t\t\t\t<div class=\"elementor-divider\">\n\t\t\t<span class=\"elementor-divider-separator\">\n\t\t\t\t\t\t<\/span>\n\t\t<\/div>\n\t\t\t\t\t\t<\/div>\n\t\t\t\t<div class=\"elementor-element elementor-element-f5b6de4 elementor-widget elementor-widget-heading\" data-id=\"f5b6de4\" data-element_type=\"widget\" data-e-type=\"widget\" data-widget_type=\"heading.default\">\n\t\t\t\t\t<h6 class=\"elementor-heading-title elementor-size-default\">Awards and recognitions<\/h6>\t\t\t\t<\/div>\n\t\t\t\t<div class=\"elementor-element elementor-element-715d7a7 elementor-widget elementor-widget-image-carousel\" data-id=\"715d7a7\" data-element_type=\"widget\" data-e-type=\"widget\" data-settings=\"{&quot;slides_to_show&quot;:&quot;5&quot;,&quot;slides_to_scroll&quot;:&quot;1&quot;,&quot;navigation&quot;:&quot;none&quot;,&quot;image_spacing_custom&quot;:{&quot;unit&quot;:&quot;px&quot;,&quot;size&quot;:&quot;80&quot;,&quot;sizes&quot;:[]},&quot;slides_to_show_tablet&quot;:&quot;3&quot;,&quot;slides_to_show_mobile&quot;:&quot;1&quot;,&quot;autoplay&quot;:&quot;yes&quot;,&quot;pause_on_hover&quot;:&quot;yes&quot;,&quot;pause_on_interaction&quot;:&quot;yes&quot;,&quot;autoplay_speed&quot;:5000,&quot;infinite&quot;:&quot;yes&quot;,&quot;speed&quot;:500,&quot;image_spacing_custom_tablet&quot;:{&quot;unit&quot;:&quot;px&quot;,&quot;size&quot;:&quot;&quot;,&quot;sizes&quot;:[]}}\" data-widget_type=\"image-carousel.default\">\n\t\t\t\t\t\t\t<div class=\"elementor-image-carousel-wrapper swiper\" role=\"region\" aria-roledescription=\"carousel\" aria-label=\"K\u00e9p k\u00f6rhinta\" dir=\"ltr\">\n\t\t\t<div class=\"elementor-image-carousel swiper-wrapper\" aria-live=\"off\">\n\t\t\t\t\t\t\t\t<div class=\"swiper-slide\" role=\"group\" aria-roledescription=\"slide\" aria-label=\"1 \/ 4\"><figure class=\"swiper-slide-inner\"><img decoding=\"async\" class=\"swiper-slide-image\" src=\"https:\/\/www.bobanfilm.com\/wp-content\/uploads\/2025\/12\/2-2.png\" alt=\"2\" title=\"Boban Markovi\u0107\"><\/figure><\/div><div class=\"swiper-slide\" role=\"group\" aria-roledescription=\"slide\" aria-label=\"2 \/ 4\"><figure class=\"swiper-slide-inner\"><img decoding=\"async\" class=\"swiper-slide-image\" src=\"https:\/\/www.bobanfilm.com\/wp-content\/uploads\/2025\/12\/3-2.png\" alt=\"3\" title=\"Boban Markovi\u0107\"><\/figure><\/div><div class=\"swiper-slide\" role=\"group\" aria-roledescription=\"slide\" aria-label=\"3 \/ 4\"><figure class=\"swiper-slide-inner\"><img decoding=\"async\" class=\"swiper-slide-image\" src=\"https:\/\/www.bobanfilm.com\/wp-content\/uploads\/2025\/12\/4-1.png\" alt=\"4\" title=\"Boban Markovi\u0107\"><\/figure><\/div><div class=\"swiper-slide\" role=\"group\" aria-roledescription=\"slide\" aria-label=\"4 \/ 4\"><figure class=\"swiper-slide-inner\"><img decoding=\"async\" class=\"swiper-slide-image\" src=\"https:\/\/www.bobanfilm.com\/wp-content\/uploads\/2025\/12\/5-1.png\" alt=\"5\" title=\"Boban Markovi\u0107\"><\/figure><\/div>\t\t\t<\/div>\n\t\t\t\t\t\t\t\n\t\t\t\t\t\t\t\t\t<\/div>\n\t\t\t\t\t\t<\/div>\n\t\t\t\t<div class=\"elementor-element elementor-element-519699a elementor-widget-divider--view-line elementor-widget elementor-widget-divider\" data-id=\"519699a\" data-element_type=\"widget\" data-e-type=\"widget\" data-widget_type=\"divider.default\">\n\t\t\t\t\t\t\t<div class=\"elementor-divider\">\n\t\t\t<span class=\"elementor-divider-separator\">\n\t\t\t\t\t\t<\/span>\n\t\t<\/div>\n\t\t\t\t\t\t<\/div>\n\t\t\t\t<div class=\"elementor-element elementor-element-9440f1b elementor-widget elementor-widget-heading\" data-id=\"9440f1b\" data-element_type=\"widget\" data-e-type=\"widget\" data-widget_type=\"heading.default\">\n\t\t\t\t\t<h3 class=\"elementor-heading-title elementor-size-default\">Hungary \u2014 where the heart finds a second home<\/h3>\t\t\t\t<\/div>\n\t\t\t\t<div class=\"elementor-element elementor-element-a3d72f0 elementor-widget elementor-widget-text-editor\" data-id=\"a3d72f0\" data-element_type=\"widget\" data-e-type=\"widget\" data-widget_type=\"text-editor.default\">\n\t\t\t\t\t\t\t\t\t<p data-start=\"1627\" data-end=\"1797\">For Boban, Hungary is not only a venue for performances \u2014 but <strong data-start=\"1692\" data-end=\"1711\">emotional connection<\/strong>, <strong data-start=\"1713\" data-end=\"1727\">friendships<\/strong>, <strong data-start=\"1729\" data-end=\"1741\">community<\/strong>, and a cultural space where he feels at home.<\/p><p data-start=\"1799\" data-end=\"1876\">In an interview, he once put it this way:<br data-start=\"1838\" data-end=\"1841\" \/><strong data-start=\"1841\" data-end=\"1876\">\u201cHungary is my second home.\u201d<\/strong><\/p><p data-start=\"1878\" data-end=\"2016\">His connection to Hungary goes back decades, through concert halls, rehearsal rooms, restaurants, and personal friendships.<\/p><p data-start=\"2018\" data-end=\"2120\">Concerts at Fon\u00f3, M\u00fcpa, and the Sziget Festival \u2014 all have contributed to this special bond.<\/p>\t\t\t\t\t\t\t\t<\/div>\n\t\t\t\t<div class=\"elementor-element elementor-element-7983704 elementor-widget-divider--view-line elementor-widget elementor-widget-divider\" data-id=\"7983704\" data-element_type=\"widget\" data-e-type=\"widget\" data-widget_type=\"divider.default\">\n\t\t\t\t\t\t\t<div class=\"elementor-divider\">\n\t\t\t<span class=\"elementor-divider-separator\">\n\t\t\t\t\t\t<\/span>\n\t\t<\/div>\n\t\t\t\t\t\t<\/div>\n\t\t\t\t<div class=\"elementor-element elementor-element-3c4472a elementor-widget elementor-widget-heading\" data-id=\"3c4472a\" data-element_type=\"widget\" data-e-type=\"widget\" data-widget_type=\"heading.default\">\n\t\t\t\t\t<h3 class=\"elementor-heading-title elementor-size-default\">Szentendre \u2014 Community, Gastronomy, and Friendship<\/h3>\t\t\t\t<\/div>\n\t\t\t\t<div class=\"elementor-element elementor-element-26ee223 elementor-widget elementor-widget-text-editor\" data-id=\"26ee223\" data-element_type=\"widget\" data-e-type=\"widget\" data-widget_type=\"text-editor.default\">\n\t\t\t\t\t\t\t\t\t<p data-start=\"2186\" data-end=\"2373\">Among Boban\u2019s most personal connections to Hungary stands the <strong data-start=\"2250\" data-end=\"2280\">Serbian community of Szentendre.<\/strong>.<br data-start=\"2281\" data-end=\"2284\" \/>Here, it\u2019s not only cultural roots that are connected \u2014 but human relationships as well.<\/p><p data-start=\"2375\" data-end=\"2638\">The city\u2019s Serbian restaurants and community spaces give him a sense of friendship, belonging, and arrival.<br \/><br data-start=\"2482\" data-end=\"2485\" \/>For him, Szentendre is not just a place - <strong data-start=\"2674\" data-end=\"2693\">but a feeling.<\/strong>.<\/p>\t\t\t\t\t\t\t\t<\/div>\n\t\t\t\t<div class=\"elementor-element elementor-element-a9b1dd0 elementor-widget-divider--view-line elementor-widget elementor-widget-divider\" data-id=\"a9b1dd0\" data-element_type=\"widget\" data-e-type=\"widget\" data-widget_type=\"divider.default\">\n\t\t\t\t\t\t\t<div class=\"elementor-divider\">\n\t\t\t<span class=\"elementor-divider-separator\">\n\t\t\t\t\t\t<\/span>\n\t\t<\/div>\n\t\t\t\t\t\t<\/div>\n\t\t\t\t<div class=\"elementor-element elementor-element-e01c14e elementor-widget elementor-widget-heading\" data-id=\"e01c14e\" data-element_type=\"widget\" data-e-type=\"widget\" data-widget_type=\"heading.default\">\n\t\t\t\t\t<h3 class=\"elementor-heading-title elementor-size-default\">The Markovi\u0107 Dynasty \u2014 A legacy across generations<\/h3>\t\t\t\t<\/div>\n\t\t\t\t<div class=\"elementor-element elementor-element-c1c10e1 elementor-widget elementor-widget-text-editor\" data-id=\"c1c10e1\" data-element_type=\"widget\" data-e-type=\"widget\" data-widget_type=\"text-editor.default\">\n\t\t\t\t\t\t\t\t\t<p data-start=\"3272\" data-end=\"3371\">Boban\u2019s work is about more than just himself.<br data-start=\"3308\" data-end=\"3311\" \/>Multiple generations of the family keep the musical tradition alive:<\/p><ul data-start=\"3373\" data-end=\"3553\"><li data-start=\"3373\" data-end=\"3386\"><p data-start=\"3375\" data-end=\"3386\">the grandfather<\/p><\/li><li data-start=\"3387\" data-end=\"3397\"><p data-start=\"3389\" data-end=\"3397\">the father<\/p><\/li><li data-start=\"3398\" data-end=\"3407\"><p data-start=\"3400\" data-end=\"3407\">Boban<\/p><\/li><li data-start=\"3408\" data-end=\"3492\"><p data-start=\"3410\" data-end=\"3492\">his son, <strong data-start=\"3417\" data-end=\"3435\">Marko Markovi\u0107<\/strong>, who has by now become one of Serbia\u2019s best-known wedding trumpeters<\/p><\/li><li data-start=\"3493\" data-end=\"3553\"><p data-start=\"3495\" data-end=\"3553\">and the youngest grandchild, who is already inheriting the family\u2019s sound<\/p><\/li><\/ul><p data-start=\"3555\" data-end=\"3658\">The dynasty is like an improvisation built on a strong musical theme: each generation adds something new.<\/p>\t\t\t\t\t\t\t\t<\/div>\n\t\t\t\t<div class=\"elementor-element elementor-element-2f5da60 elementor-widget-divider--view-line elementor-widget elementor-widget-divider\" data-id=\"2f5da60\" data-element_type=\"widget\" data-e-type=\"widget\" data-widget_type=\"divider.default\">\n\t\t\t\t\t\t\t<div class=\"elementor-divider\">\n\t\t\t<span class=\"elementor-divider-separator\">\n\t\t\t\t\t\t<\/span>\n\t\t<\/div>\n\t\t\t\t\t\t<\/div>\n\t\t\t\t<div class=\"elementor-element elementor-element-0a575a1 elementor-widget elementor-widget-heading\" data-id=\"0a575a1\" data-element_type=\"widget\" data-e-type=\"widget\" data-widget_type=\"heading.default\">\n\t\t\t\t\t<h3 class=\"elementor-heading-title elementor-size-default\">What makes this story truly special?<\/h3>\t\t\t\t<\/div>\n\t\t\t\t<div class=\"elementor-element elementor-element-366f1a2 elementor-widget elementor-widget-text-editor\" data-id=\"366f1a2\" data-element_type=\"widget\" data-e-type=\"widget\" data-widget_type=\"text-editor.default\">\n\t\t\t\t\t\t\t\t\t<p data-start=\"2743\" data-end=\"2842\">This film is not \u201cjust\u201d a portrait of a musician.<br data-start=\"2786\" data-end=\"2789\" \/>It is <strong data-start=\"2792\" data-end=\"2839\">a journey between two countries and two cultures<\/strong>:<\/p><ul data-start=\"2843\" data-end=\"3062\"><li data-start=\"2843\" data-end=\"2862\"><p data-start=\"2845\" data-end=\"2862\">serbian roots,<\/p><\/li><li data-start=\"2863\" data-end=\"2886\"><p data-start=\"2865\" data-end=\"2886\">hungarian connections,<\/p><\/li><li data-start=\"2887\" data-end=\"2902\"><p data-start=\"2889\" data-end=\"2902\">friendships,<\/p><\/li><li data-start=\"2903\" data-end=\"2921\"><p data-start=\"2905\" data-end=\"2921\">shared memories,<\/p><\/li><li data-start=\"2922\" data-end=\"2938\"><p data-start=\"2924\" data-end=\"2938\">musical bridges,<\/p><\/li><li data-start=\"2939\" data-end=\"2959\"><p data-start=\"2941\" data-end=\"2959\">family legacy,<\/p><\/li><li data-start=\"2960\" data-end=\"3062\"><p data-start=\"2962\" data-end=\"3062\">and that special energy that makes Boban feel at home wherever he goes \u2014 whether in Vladi\u010din Han or Szentendre.<\/p><\/li><\/ul><p data-start=\"3064\" data-end=\"3208\">The film brings viewers close to the artist, his family, his band, and to those people for whom Hungary has truly <em data-start=\"3186\" data-end=\"3202\">become a second<\/em> home.<\/p>\t\t\t\t\t\t\t\t<\/div>\n\t\t\t\t<\/div>\n\t\t\t\t\t<\/div>\n\t\t\t\t<\/div>\n\t\t<div class=\"elementor-element elementor-element-3e0cc9f e-flex e-con-boxed e-con e-parent\" data-id=\"3e0cc9f\" data-element_type=\"container\" data-e-type=\"container\" data-settings=\"{&quot;background_background&quot;:&quot;classic&quot;}\">\n\t\t\t\t\t<div class=\"e-con-inner\">\n\t\t<div class=\"elementor-element elementor-element-a8af64a e-con-full e-flex e-con e-child\" data-id=\"a8af64a\" data-element_type=\"container\" data-e-type=\"container\">\n\t\t\t\t<div class=\"elementor-element elementor-element-64cb43e elementor-position-left elementor-vertical-align-middle elementor-widget elementor-widget-image-box\" data-id=\"64cb43e\" data-element_type=\"widget\" data-e-type=\"widget\" data-widget_type=\"image-box.default\">\n\t\t\t\t\t<div class=\"elementor-image-box-wrapper\"><figure class=\"elementor-image-box-img\"><img decoding=\"async\" width=\"600\" height=\"600\" src=\"https:\/\/www.bobanfilm.com\/wp-content\/uploads\/2025\/12\/Dizajn-bez-nazvu-100.png\" class=\"attachment-full size-full wp-image-1151\" alt=\"dizajn bez n\u00e1zvu 100\" title=\"Boban Markovi\u0107\" srcset=\"https:\/\/www.bobanfilm.com\/wp-content\/uploads\/2025\/12\/Dizajn-bez-nazvu-100.png 600w, https:\/\/www.bobanfilm.com\/wp-content\/uploads\/2025\/12\/Dizajn-bez-nazvu-100-300x300.png 300w, https:\/\/www.bobanfilm.com\/wp-content\/uploads\/2025\/12\/Dizajn-bez-nazvu-100-150x150.png 150w\" sizes=\"(max-width: 600px) 100vw, 600px\" \/><\/figure><div class=\"elementor-image-box-content\"><div class=\"elementor-image-box-title\">Hungary \u2014 where the heart finds a second home<\/div><\/div><\/div>\t\t\t\t<\/div>\n\t\t\t\t<\/div>\n\t\t\t\t\t<\/div>\n\t\t\t\t<\/div>\n\t\t\t\t<\/div>","protected":false},"excerpt":{"rendered":"<p>BOBAN MARKOVI\u0106 A ZENE, A BAR\u00c1TS\u00c1G \u00c9S A M\u00c1SODIK OTTHON T\u00d6RT\u00c9NETE Ahol minden elkezd\u0151d\u00f6tt Boban Markovi\u0107 1964-ben sz\u00fcletett a d\u00e9l-szerbiai Vladi\u010din Hanban, egy olyan csal\u00e1dban, ahol a trombita nem hangszer volt \u2014 hanem \u00e9letforma. Nagyapja \u00e9s apja is r\u00e9zf\u00fav\u00f3s zen\u00e9szek voltak, \u00edgy Boban m\u00e1r gyerekk\u00e9nt belen\u0151tt egy olyan zenei vil\u00e1gba, amely k\u00e9s\u0151bb legend\u00e1v\u00e1 tette. H\u00e9t\u00e9vesen [&hellip;]<\/p>\n","protected":false},"author":1,"featured_media":0,"parent":0,"menu_order":0,"comment_status":"closed","ping_status":"closed","template":"","meta":{"site-sidebar-layout":"no-sidebar","site-content-layout":"page-builder","ast-site-content-layout":"default","site-content-style":"default","site-sidebar-style":"default","ast-global-header-display":"","ast-banner-title-visibility":"","ast-main-header-display":"","ast-hfb-above-header-display":"","ast-hfb-below-header-display":"","ast-hfb-mobile-header-display":"","site-post-title":"disabled","ast-breadcrumbs-content":"disabled","ast-featured-img":"disabled","footer-sml-layout":"","ast-disable-related-posts":"","theme-transparent-header-meta":"enabled","adv-header-id-meta":"","stick-header-meta":"","header-above-stick-meta":"","header-main-stick-meta":"","header-below-stick-meta":"","astra-migrate-meta-layouts":"default","ast-page-background-enabled":"default","ast-page-background-meta":{"desktop":{"background-color":"","background-image":"","background-repeat":"repeat","background-position":"center center","background-size":"auto","background-attachment":"scroll","background-type":"","background-media":"","overlay-type":"","overlay-color":"","overlay-opacity":"","overlay-gradient":""},"tablet":{"background-color":"","background-image":"","background-repeat":"repeat","background-position":"center center","background-size":"auto","background-attachment":"scroll","background-type":"","background-media":"","overlay-type":"","overlay-color":"","overlay-opacity":"","overlay-gradient":""},"mobile":{"background-color":"","background-image":"","background-repeat":"repeat","background-position":"center center","background-size":"auto","background-attachment":"scroll","background-type":"","background-media":"","overlay-type":"","overlay-color":"","overlay-opacity":"","overlay-gradient":""}},"ast-content-background-meta":{"desktop":{"background-color":"var(--ast-global-color-5)","background-image":"","background-repeat":"repeat","background-position":"center center","background-size":"auto","background-attachment":"scroll","background-type":"","background-media":"","overlay-type":"","overlay-color":"","overlay-opacity":"","overlay-gradient":""},"tablet":{"background-color":"var(--ast-global-color-5)","background-image":"","background-repeat":"repeat","background-position":"center center","background-size":"auto","background-attachment":"scroll","background-type":"","background-media":"","overlay-type":"","overlay-color":"","overlay-opacity":"","overlay-gradient":""},"mobile":{"background-color":"var(--ast-global-color-5)","background-image":"","background-repeat":"repeat","background-position":"center center","background-size":"auto","background-attachment":"scroll","background-type":"","background-media":"","overlay-type":"","overlay-color":"","overlay-opacity":"","overlay-gradient":""}},"footnotes":""},"class_list":["post-491","page","type-page","status-publish","hentry"],"_links":{"self":[{"href":"https:\/\/www.bobanfilm.com\/en\/wp-json\/wp\/v2\/pages\/491","targetHints":{"allow":["GET"]}}],"collection":[{"href":"https:\/\/www.bobanfilm.com\/en\/wp-json\/wp\/v2\/pages"}],"about":[{"href":"https:\/\/www.bobanfilm.com\/en\/wp-json\/wp\/v2\/types\/page"}],"author":[{"embeddable":true,"href":"https:\/\/www.bobanfilm.com\/en\/wp-json\/wp\/v2\/users\/1"}],"replies":[{"embeddable":true,"href":"https:\/\/www.bobanfilm.com\/en\/wp-json\/wp\/v2\/comments?post=491"}],"version-history":[{"count":10,"href":"https:\/\/www.bobanfilm.com\/en\/wp-json\/wp\/v2\/pages\/491\/revisions"}],"predecessor-version":[{"id":2393,"href":"https:\/\/www.bobanfilm.com\/en\/wp-json\/wp\/v2\/pages\/491\/revisions\/2393"}],"wp:attachment":[{"href":"https:\/\/www.bobanfilm.com\/en\/wp-json\/wp\/v2\/media?parent=491"}],"curies":[{"name":"wp","href":"https:\/\/api.w.org\/{rel}","templated":true}]}}